{"id":9,"date":"2024-11-11T13:40:32","date_gmt":"2024-11-11T12:40:32","guid":{"rendered":"https:\/\/kenthor.wedeon.it\/?page_id=9"},"modified":"2025-01-22T06:17:12","modified_gmt":"2025-01-22T05:17:12","slug":"startseite","status":"publish","type":"page","link":"https:\/\/www.kenthor.com\/en\/","title":{"rendered":"Home page"},"content":{"rendered":"<div>\n<p>    <img decoding=\"async\" src=\"\/wp-content\/uploads\/2025\/01\/kenthor-startseite-hero.webp\" alt=\"\"><\/p>\n<div>Ma\u00dfgeschneiderte IT-Sicherheit<\/div>\n<p>EMPOWER YOUR BUSINESS<\/p>\n<div>\n<p>Wie sicher sind Ihre Daten, IT-Prozesse und Kommunikationswege? Kenthor bietet Ihnen zuverl\u00e4ssige Cyber-Security, Informationssicherheit und ganzheitliche Sicherheitskonzepte.<\/p>\n<\/div>\n<p><a href=\"\/sicherheitsmanagement\/\">Mehr erfahren<\/a><\/p>\n<\/div>\n<p><img decoding=\"async\" src=\"\/wp-content\/uploads\/features-feature-01-01.svg\" alt=\"\"><\/p>\n<div>Unser Schwerpunkt<\/div>\n<h2>Cloud Sicherheit<\/h2>\n<div>Cloud-Dienste werden immer wichtiger. Der \u00f6konomische und technologische Druck steigt, Teile oder gesamte IT-Systemlandschaften in die Cloud zu verschieben. Das bringt Unternehmen zahlreiche Vorteile, aber auch neue Risiken. Kenthor bietet Ihnen umfassende Cloud-Sicherheit und nimmt Ihnen s\u00e4mtliche Arbeit ab. Damit Ihre Daten und Infrastruktur gesch\u00fctzt sind und Sie Probleme vermeiden!<\/div>\n<p>\n    <a href=\"\/cloud-sicherheit\/\">Mehr erfahren<\/a>\n<\/p>\n<p><img decoding=\"async\" src=\"\/wp-content\/uploads\/2024\/12\/CloudService.webp\" alt=\"\"><\/p>\n<h2>So sch\u00fctzen wir Unternehmen<\/h2>\n<ul>\n<li>\n<p><img decoding=\"async\" src=\"\/wp-content\/uploads\/2024\/12\/monitoring_48dp_5F6368_FILL0_wght200_GRAD200_opsz48.svg\" alt=\"\"><\/p>\n<div>Sicherheitsanalysen<\/div>\n<div>Gef\u00fchlte Sicherheit ist tr\u00fcgerisch. Sie m\u00f6chten Probleme erkennen, bevor es zu sp\u00e4t ist? Unsere Sicherheitsanalyse macht das m\u00f6glich. Wir analysieren Ihr Unternehmen und die gesamte IT-Landschaft und entwerfen effektive und praktische L\u00f6sungen f\u00fcr mehr Sicherheit.<\/div>\n<p><a href=\"\/sicherheitsanalysen\/\">Mehr erfahren<\/a><\/p>\n<\/li>\n<li>\n<p><img decoding=\"async\" src=\"\/wp-content\/uploads\/2024\/12\/manage_accounts_48dp_5F6368_FILL0_wght200_GRAD200_opsz48.svg\" alt=\"\"><\/p>\n<div>Sicherheitsmanagement<\/div>\n<div>Sie haben keine Zeit f\u00fcr Risikoanalysen, Sicherheitstest &#038; Co.? Wir nehmen Ihnen s\u00e4mtliche Arbeit ab und halten Ihre Sicherheit auf dem neuesten Stand. Kenthor begleitet Sie von der Definition bis zur Umsetzung aller sicherheitsrelevanten Ma\u00dfnahmen!<\/div>\n<p><a href=\"\/sicherheitsmanagement\/\">Mehr erfahren<\/a><\/p>\n<\/li>\n<li>\n<p><img decoding=\"async\" src=\"\/wp-content\/uploads\/2024\/12\/domain_48dp_5F6368_FILL0_wght200_GRAD200_opsz48.svg\" alt=\"\"><\/p>\n<div>Sichere Architektur<\/div>\n<div>Robuste Sicherheit entsteht beim Design. Wir entwerfen ma\u00dfgeschneiderte IT-Architekturen und schaffen ein starkes Fundament f\u00fcr nachhaltigen Schutz gegen s\u00e4mtliche Angriffe und Bedrohungen. Gerne begleiten wir Sie \u00fcber den kompletten Lebenszyklus Ihrer Systeme.<\/div>\n<p><a href=\"\/sichere-architektur\/\">Mehr erfahren<\/a><\/p>\n<\/li>\n<li>\n<p><img decoding=\"async\" src=\"\/wp-content\/uploads\/2024\/12\/cloud_lock_48dp_5F6368_FILL0_wght200_GRAD200_opsz48.svg\" alt=\"\"><\/p>\n<div>Cloud-Sicherheit<\/div>\n<div>Kenthor sch\u00fctzt Daten und Infrastruktur in der Cloud. Unsere umfassenden Cloud\u2013Sicherheitskonzepte vereinen flexible und unabh\u00e4ngige IT-Komponenten mit den Vorteilen leistungsstarker und skalierbarer Cloud-Infrastruktur. Dabei ber\u00fccksichtigen wir s\u00e4mtliche Vorgaben Ihrer bisherigen Systemlandschaft.<\/div>\n<p><a href=\"\/cloud-sicherheit\/\">Mehr erfahren<\/a><\/p>\n<\/li>\n<\/ul>\n<h2>So begeistern wir Kunden<\/h2>\n<ul>\n<li>\n<p><img decoding=\"async\" src=\"\/wp-content\/uploads\/features-tools-04.svg\" alt=\"\"><\/p>\n<div>Ganzheitlicher Ansatz<\/div>\n<div>Das Identifizieren und Beheben von Sicherheitsl\u00fccken erfordert einen strategischen und ganzheitlichen Ansatz. Deshalb beleuchten wir alle sicherheitsrelevanten Punkte Ihres Unternehmens und bieten umfassende IT-Sicherheitsleistungen.<\/div>\n<\/li>\n<li>\n<p><img decoding=\"async\" src=\"\/wp-content\/uploads\/features-tools-04.svg\" alt=\"\"><\/p>\n<div>Individueller Service<\/div>\n<div>Wir verzichten auf Dienstleistungen von der Stange. Stattdessen gehen unsere Experten auf Ihre individuellen Bed\u00fcrfnisse ein und bieten einen Service, der exakt zu Ihrem Unternehmen, Vorgaben und Anforderungen passt.<\/div>\n<\/li>\n<li>\n<p><img decoding=\"async\" src=\"\/wp-content\/uploads\/features-tools-04.svg\" alt=\"\"><\/p>\n<div>Praktische L\u00f6sungen<\/div>\n<div>Was bringen Ihnen schwer umsetzbare L\u00f6sungen? Wir setzen auf konkrete Ergebnisse und praktische L\u00f6sungen f\u00fcr jede Branche. Damit Sie Zeit sparen und sich nicht mit realit\u00e4tsfernen oder abstrakten Bedrohungen herumplagen m\u00fcssen.<\/div>\n<\/li>\n<\/ul>\n<p><!--more--><br \/>\n<!-- {\"type\":\"layout\",\"children\":[{\"name\":\"Hero\",\"type\":\"section\",\"props\":{\"animation_delay\":false,\"header_transparent\":false,\"header_transparent_noplaceholder\":true,\"height_offset_top\":true,\"height_viewport\":80,\"image_position\":\"center-center\",\"overlap\":false,\"padding\":\"none\",\"preserve_color\":false,\"style\":\"default\",\"title_breakpoint\":\"xl\",\"title_position\":\"top-left\",\"title_rotation\":\"left\",\"vertical_align\":\"\",\"width\":\"\"},\"children\":[{\"type\":\"row\",\"children\":[{\"type\":\"column\",\"props\":{\"image_position\":\"center-center\",\"position_sticky_breakpoint\":\"m\",\"width_medium\":\"1-1\"},\"children\":[{\"type\":\"slideshow\",\"props\":{\"animation\":\"fade\",\"content_style\":\"text-lead\",\"image_loading\":true,\"image_width\":\"2560\",\"link_parallax_opacity\":\"0,1,1\",\"link_parallax_y\":\"50,0,0\",\"link_style\":\"primary\",\"link_text\":\"View House\",\"margin\":\"default\",\"meta_align\":\"above-title\",\"meta_element\":\"div\",\"meta_parallax_opacity\":\"0,1,1\",\"meta_parallax_y\":\"-50,0,0\",\"meta_style\":\"h6\",\"nav\":\"\",\"nav_align\":\"center\",\"nav_breakpoint\":\"\",\"nav_position\":\"bottom-center\",\"nav_position_margin\":\"medium\",\"overlay_animation\":\"parallax\",\"overlay_container\":\"default\",\"overlay_position\":\"center-left\",\"overlay_width\":\"2xlarge\",\"show_content\":true,\"show_link\":true,\"show_meta\":true,\"show_thumbnail\":true,\"show_title\":true,\"slidenav\":\"\",\"slidenav_breakpoint\":\"m\",\"slidenav_hover\":true,\"slidenav_margin\":\"medium\",\"slidenav_outside_breakpoint\":\"xl\",\"slideshow_autoplay\":false,\"slideshow_autoplay_pause\":true,\"slideshow_height\":\"viewport\",\"slideshow_height_offset_top\":true,\"slideshow_height_viewport\":80,\"slideshow_max_height\":\"840\",\"slideshow_min_height\":\"600\",\"slideshow_ratio\":\"16:7\",\"slideshow_velocity\":0.59999999999999997779553950749686919152736663818359375,\"text_align\":\"left\",\"text_align_fallback\":\"center\",\"text_color\":\"light\",\"thumbnav_height\":\"75\",\"thumbnav_svg_color\":\"emphasis\",\"thumbnav_width\":\"100\",\"title_element\":\"div\",\"title_parallax_opacity\":\"0,1,1\",\"title_parallax_x\":\"-200,0,200\",\"title_style\":\"heading-medium\"},\"children\":[{\"type\":\"slideshow_item\",\"props\":{\"content\":\"\n\n<p>Wie sicher sind Ihre Daten, IT-Prozesse und Kommunikationswege? Kenthor bietet Ihnen zuverl\\u00e4ssige Cyber-Security, Informationssicherheit und ganzheitliche Sicherheitskonzepte.<\\\/p>\",\"image\":\"wp-content\\\/uploads\\\/2025\\\/01\\\/kenthor-startseite-hero.webp\",\"item_element\":\"article\",\"link\":\"sicherheitsmanagement\\\/\",\"link_text\":\"Mehr erfahren\",\"media_overlay\":\"rgba(0, 0, 0, 0.72)\",\"meta\":\"EMPOWER YOUR BUSINESS\",\"title\":\"Ma\\u00dfgeschneiderte IT-Sicherheit\"}}]}]}]}]},{\"name\":\"Feature-01\",\"type\":\"section\",\"props\":{\"animation\":\"slide-bottom\",\"animation_delay\":\"200\",\"id\":\"cloud\",\"image_position\":\"center-center\",\"padding\":\"large\",\"padding_remove_bottom\":false,\"style\":\"default\",\"title\":\"All Devices\",\"title_breakpoint\":\"xl\",\"title_position\":\"center-left\",\"title_rotation\":\"left\",\"vertical_align\":\"\",\"width\":\"default\"},\"children\":[{\"type\":\"row\",\"props\":{\"layout\":\"1-2,1-2\",\"vertical_align\":true},\"children\":[{\"type\":\"column\",\"props\":{\"image_position\":\"center-center\",\"position_sticky_breakpoint\":\"m\",\"vertical_align\":\"middle\",\"width_medium\":\"1-2\"},\"children\":[{\"type\":\"image\",\"props\":{\"image\":\"wp-content\\\/uploads\\\/features-feature-01-01.svg\",\"image_svg_animate\":true,\"image_svg_color\":\"muted\",\"image_svg_inline\":true,\"margin\":\"\",\"text_align\":\"left\",\"text_align_breakpoint\":\"m\",\"text_align_fallback\":\"center\"}},{\"type\":\"headline\",\"props\":{\"content\":\"Unser Schwerpunkt\",\"margin\":\"small\",\"text_align\":\"left\",\"text_align_breakpoint\":\"m\",\"text_align_fallback\":\"center\",\"title_decoration\":\"bullet\",\"title_element\":\"div\",\"title_style\":\"h6\"}},{\"type\":\"headline\",\"props\":{\"content\":\"Cloud Sicherheit\",\"margin\":\"small\",\"text_align\":\"left\",\"text_align_breakpoint\":\"m\",\"text_align_fallback\":\"center\",\"title_element\":\"h2\"}},{\"type\":\"text\",\"props\":{\"block_align\":\"center\",\"column_breakpoint\":\"m\",\"content\":\"Cloud-Dienste werden immer wichtiger. Der \\u00f6konomische und technologische Druck steigt, Teile oder gesamte IT-Systemlandschaften in die Cloud zu verschieben. Das bringt Unternehmen zahlreiche Vorteile, aber auch neue Risiken. Kenthor bietet Ihnen umfassende Cloud-Sicherheit und nimmt Ihnen s\\u00e4mtliche Arbeit ab. Damit Ihre Daten und Infrastruktur gesch\\u00fctzt sind und Sie Probleme vermeiden!\",\"margin\":\"medium\",\"maxwidth\":\"xlarge\",\"maxwidth_breakpoint\":\"s\",\"text_align\":\"left\",\"text_align_breakpoint\":\"m\",\"text_align_fallback\":\"center\"}},{\"type\":\"button\",\"props\":{\"grid_column_gap\":\"small\",\"grid_row_gap\":\"small\",\"margin\":\"default\"},\"children\":[{\"type\":\"button_item\",\"props\":{\"button_style\":\"secondary\",\"content\":\"Mehr erfahren\",\"icon_align\":\"left\",\"link\":\"cloud-sicherheit\\\/\"}}]}]},{\"type\":\"column\",\"props\":{\"image_position\":\"center-center\",\"position_sticky_breakpoint\":\"m\",\"vertical_align\":\"middle\",\"width_medium\":\"1-2\"},\"children\":[{\"type\":\"image\",\"props\":{\"image\":\"wp-content\\\/uploads\\\/2024\\\/12\\\/CloudService.webp\",\"image_loading\":true,\"image_svg_color\":\"emphasis\",\"image_width\":\"830\",\"margin\":\"default\"}}]}]}]},{\"name\":\"Tools\",\"type\":\"section\",\"props\":{\"animation\":\"slide-bottom-medium\",\"animation_delay\":\"200\",\"id\":\"features\",\"image_position\":\"center-center\",\"padding\":\"large\",\"style\":\"default\",\"title_breakpoint\":\"xl\",\"title_position\":\"top-left\",\"title_rotation\":\"left\",\"vertical_align\":\"\",\"width\":\"xlarge\"},\"children\":[{\"type\":\"row\",\"children\":[{\"type\":\"column\",\"props\":{\"image_position\":\"center-center\",\"position_sticky_breakpoint\":\"m\",\"width_medium\":\"1-1\"},\"children\":[{\"type\":\"headline\",\"props\":{\"content\":\"So sch\\u00fctzen wir Unternehmen\",\"margin\":\"large\",\"text_align\":\"left\",\"text_align_breakpoint\":\"m\",\"text_align_fallback\":\"center\",\"title_element\":\"h2\",\"title_style\":\"h1\"}},{\"type\":\"grid\",\"props\":{\"animation\":\"slide-bottom-small\",\"content_column_breakpoint\":\"m\",\"filter_align\":\"left\",\"filter_all\":true,\"filter_grid_breakpoint\":\"m\",\"filter_grid_width\":\"auto\",\"filter_position\":\"top\",\"filter_style\":\"tab\",\"grid_column_align\":false,\"grid_column_gap\":\"large\",\"grid_default\":\"1\",\"grid_divider\":false,\"grid_medium\":\"4\",\"grid_parallax_justify\":false,\"grid_row_align\":false,\"grid_row_gap\":\"large\",\"grid_small\":\"2\",\"icon_width\":\"50\",\"image_align\":\"top\",\"image_grid_breakpoint\":\"m\",\"image_grid_width\":\"1-2\",\"image_height\":\"80\",\"image_svg_animate\":true,\"image_svg_color\":\"secondary\",\"image_svg_inline\":true,\"image_width\":\"80\",\"item_animation\":true,\"link_style\":\"primary\",\"link_text\":\"Mehr erfahren\",\"margin\":\"default\",\"meta_align\":\"below-title\",\"meta_element\":\"div\",\"meta_style\":\"text-meta\",\"panel_expand\":\"content\",\"parallax_easing\":\"1\",\"show_content\":true,\"show_image\":true,\"show_link\":true,\"show_meta\":true,\"show_title\":true,\"text_align\":\"left\",\"text_align_breakpoint\":\"m\",\"text_align_fallback\":\"center\",\"title_align\":\"top\",\"title_element\":\"div\",\"title_grid_breakpoint\":\"m\",\"title_grid_width\":\"1-2\",\"title_hover_style\":\"reset\",\"title_style\":\"h4\"},\"children\":[{\"type\":\"grid_item\",\"props\":{\"content\":\"Gef\\u00fchlte Sicherheit ist tr\\u00fcgerisch. Sie m\\u00f6chten Probleme erkennen, bevor es zu sp\\u00e4t ist? Unsere Sicherheitsanalyse macht das m\\u00f6glich. Wir analysieren Ihr Unternehmen und die gesamte IT-Landschaft und entwerfen effektive und praktische L\\u00f6sungen f\\u00fcr mehr Sicherheit.\",\"image\":\"wp-content\\\/uploads\\\/2024\\\/12\\\/monitoring_48dp_5F6368_FILL0_wght200_GRAD200_opsz48.svg\",\"link\":\"sicherheitsanalysen\\\/\",\"title\":\"Sicherheitsanalysen\"}},{\"type\":\"grid_item\",\"props\":{\"content\":\"Sie haben keine Zeit f\\u00fcr Risikoanalysen, Sicherheitstest & Co.? Wir nehmen Ihnen s\\u00e4mtliche Arbeit ab und halten Ihre Sicherheit auf dem neuesten Stand. Kenthor begleitet Sie von der Definition bis zur Umsetzung aller sicherheitsrelevanten Ma\\u00dfnahmen!\",\"image\":\"wp-content\\\/uploads\\\/2024\\\/12\\\/manage_accounts_48dp_5F6368_FILL0_wght200_GRAD200_opsz48.svg\",\"link\":\"sicherheitsmanagement\\\/\",\"title\":\"Sicherheitsmanagement\"}},{\"type\":\"grid_item\",\"props\":{\"content\":\"Robuste Sicherheit entsteht beim Design. Wir entwerfen ma\\u00dfgeschneiderte IT-Architekturen und schaffen ein starkes Fundament f\\u00fcr nachhaltigen Schutz gegen s\\u00e4mtliche Angriffe und Bedrohungen. Gerne begleiten wir Sie \\u00fcber den kompletten Lebenszyklus Ihrer Systeme.\",\"image\":\"wp-content\\\/uploads\\\/2024\\\/12\\\/domain_48dp_5F6368_FILL0_wght200_GRAD200_opsz48.svg\",\"link\":\"sichere-architektur\\\/\",\"title\":\"Sichere Architektur\"}},{\"type\":\"grid_item\",\"props\":{\"content\":\"Kenthor sch\\u00fctzt Daten und Infrastruktur in der Cloud. Unsere umfassenden Cloud\\u2013Sicherheitskonzepte vereinen flexible und unabh\\u00e4ngige IT-Komponenten mit den Vorteilen leistungsstarker und skalierbarer Cloud-Infrastruktur. Dabei ber\\u00fccksichtigen wir s\\u00e4mtliche Vorgaben Ihrer bisherigen Systemlandschaft.\",\"image\":\"wp-content\\\/uploads\\\/2024\\\/12\\\/cloud_lock_48dp_5F6368_FILL0_wght200_GRAD200_opsz48.svg\",\"link\":\"cloud-sicherheit\\\/\",\"title\":\"Cloud-Sicherheit\"}}]}]}]}]},{\"name\":\"Tools\",\"type\":\"section\",\"props\":{\"animation\":\"slide-bottom-medium\",\"animation_delay\":\"200\",\"id\":\"features\",\"image_position\":\"center-center\",\"padding\":\"large\",\"preserve_color\":true,\"style\":\"primary\",\"title_breakpoint\":\"xl\",\"title_position\":\"top-left\",\"title_rotation\":\"left\",\"vertical_align\":\"\",\"width\":\"xlarge\"},\"children\":[{\"type\":\"row\",\"children\":[{\"type\":\"column\",\"props\":{\"image_position\":\"center-center\",\"position_sticky_breakpoint\":\"m\",\"width_medium\":\"1-1\"},\"children\":[{\"type\":\"headline\",\"props\":{\"content\":\"So begeistern wir Kunden\",\"margin\":\"large\",\"text_align\":\"left\",\"text_align_breakpoint\":\"m\",\"text_align_fallback\":\"center\",\"title_element\":\"h2\",\"title_style\":\"h1\"}},{\"type\":\"grid\",\"props\":{\"animation\":\"slide-bottom-small\",\"content_column_breakpoint\":\"m\",\"filter_align\":\"left\",\"filter_all\":true,\"filter_grid_breakpoint\":\"m\",\"filter_grid_width\":\"auto\",\"filter_position\":\"top\",\"filter_style\":\"tab\",\"grid_column_gap\":\"large\",\"grid_default\":\"1\",\"grid_divider\":false,\"grid_medium\":\"3\",\"grid_row_gap\":\"large\",\"grid_small\":\"2\",\"icon_width\":\"50\",\"image_align\":\"top\",\"image_grid_breakpoint\":\"m\",\"image_grid_width\":\"1-2\",\"image_height\":\"80\",\"image_svg_animate\":true,\"image_svg_color\":\"secondary\",\"image_svg_inline\":true,\"image_width\":\"80\",\"item_animation\":true,\"link_style\":\"default\",\"link_text\":\"Read more\",\"margin\":\"default\",\"meta_align\":\"below-title\",\"meta_element\":\"div\",\"meta_style\":\"text-meta\",\"panel_expand\":\"content\",\"parallax_easing\":\"1\",\"show_content\":true,\"show_image\":true,\"show_link\":true,\"show_meta\":true,\"show_title\":true,\"text_align\":\"left\",\"text_align_breakpoint\":\"m\",\"text_align_fallback\":\"center\",\"title_align\":\"top\",\"title_element\":\"div\",\"title_grid_breakpoint\":\"m\",\"title_grid_width\":\"1-2\",\"title_hover_style\":\"reset\",\"title_style\":\"h4\"},\"children\":[{\"type\":\"grid_item\",\"props\":{\"content\":\"Das Identifizieren und Beheben von Sicherheitsl\\u00fccken erfordert einen strategischen und ganzheitlichen Ansatz. Deshalb beleuchten wir alle sicherheitsrelevanten Punkte Ihres Unternehmens und bieten umfassende IT-Sicherheitsleistungen.\",\"image\":\"wp-content\\\/uploads\\\/features-tools-04.svg\",\"title\":\"Ganzheitlicher Ansatz\"}},{\"type\":\"grid_item\",\"props\":{\"content\":\"Wir verzichten auf Dienstleistungen von der Stange. Stattdessen gehen unsere Experten auf Ihre individuellen Bed\\u00fcrfnisse ein und bieten einen Service, der exakt zu Ihrem Unternehmen, Vorgaben und Anforderungen passt.\",\"image\":\"wp-content\\\/uploads\\\/features-tools-04.svg\",\"title\":\"Individueller Service\"}},{\"type\":\"grid_item\",\"props\":{\"content\":\"Was bringen Ihnen schwer umsetzbare L\\u00f6sungen? Wir setzen auf konkrete Ergebnisse und praktische L\\u00f6sungen f\\u00fcr jede Branche. Damit Sie Zeit sparen und sich nicht mit realit\\u00e4tsfernen oder abstrakten Bedrohungen herumplagen m\\u00fcssen.\",\"image\":\"wp-content\\\/uploads\\\/features-tools-04.svg\",\"title\":\"Praktische L\\u00f6sungen\"}}]}]}]}]}],\"version\":\"4.4.20\",\"yooessentialsVersion\":\"2.2.31\"} --><\/p>\n","protected":false},"excerpt":{"rendered":"<p>Ma\u00dfgeschneiderte IT-Sicherheit EMPOWER YOUR BUSINESS Wie sicher sind Ihre Daten, IT-Prozesse und Kommunikationswege? Kenthor bietet Ihnen zuverl\u00e4ssige Cyber-Security, Informationssicherheit und ganzheitliche Sicherheitskonzepte. Mehr erfahren Unser Schwerpunkt Cloud Sicherheit Cloud-Dienste werden immer wichtiger. Der \u00f6konomische und technologische Druck steigt, Teile oder gesamte IT-Systemlandschaften in die Cloud zu verschieben. Das bringt Unternehmen zahlreiche Vorteile, aber auch neue [&hellip;]<\/p>\n","protected":false},"author":1,"featured_media":0,"parent":0,"menu_order":0,"comment_status":"closed","ping_status":"closed","template":"","meta":{"footnotes":""},"class_list":["post-9","page","type-page","status-publish","hentry"],"_links":{"self":[{"href":"https:\/\/www.kenthor.com\/en\/wp-json\/wp\/v2\/pages\/9","targetHints":{"allow":["GET"]}}],"collection":[{"href":"https:\/\/www.kenthor.com\/en\/wp-json\/wp\/v2\/pages"}],"about":[{"href":"https:\/\/www.kenthor.com\/en\/wp-json\/wp\/v2\/types\/page"}],"author":[{"embeddable":true,"href":"https:\/\/www.kenthor.com\/en\/wp-json\/wp\/v2\/users\/1"}],"replies":[{"embeddable":true,"href":"https:\/\/www.kenthor.com\/en\/wp-json\/wp\/v2\/comments?post=9"}],"version-history":[{"count":10,"href":"https:\/\/www.kenthor.com\/en\/wp-json\/wp\/v2\/pages\/9\/revisions"}],"predecessor-version":[{"id":523,"href":"https:\/\/www.kenthor.com\/en\/wp-json\/wp\/v2\/pages\/9\/revisions\/523"}],"wp:attachment":[{"href":"https:\/\/www.kenthor.com\/en\/wp-json\/wp\/v2\/media?parent=9"}],"curies":[{"name":"wp","href":"https:\/\/api.w.org\/{rel}","templated":true}]}}