{"id":251,"date":"2024-12-10T09:44:42","date_gmt":"2024-12-10T08:44:42","guid":{"rendered":"https:\/\/kenthor.wedeon.it\/?page_id=251"},"modified":"2026-01-31T00:09:19","modified_gmt":"2026-01-30T23:09:19","slug":"cloud-sicherheit","status":"publish","type":"page","link":"https:\/\/www.kenthor.com\/en\/cloud-sicherheit\/","title":{"rendered":"Cloud security"},"content":{"rendered":"<div>\n<p>    <img decoding=\"async\" src=\"\/wp-content\/uploads\/2025\/01\/kenthor-cloudsicherheit-hero.webp\" alt=\"\"><\/p>\n<div>Maximale Sicherheit, zahlreiche Vorteile.<\/div>\n<p>Cloud-Sicherheit:<\/p>\n<div>\n<p>Cloud-Dienste werden immer wichtiger. Der \u00f6konomische und technologische Druck steigt, Teile oder gesamte IT-Systemlandschaften in die Cloud zu verschieben. Das bringt Unternehmen zahlreiche Vorteile, aber auch neue Risiken. Kenthor bietet Ihnen umfassende Cloud-Sicherheit und nimmt Ihnen s\u00e4mtliche Arbeit ab. Damit Ihre Daten und Infrastruktur gesch\u00fctzt sind und Sie Probleme vermeiden!<\/p>\n<\/div>\n<\/div>\n<h2>Cloud-Sicherheit als Wettbewerbsvorteil<\/h2>\n<div>\n<p>Sie m\u00f6chten auch in Zukunft wettbewerbsf\u00e4hig bleiben? Ein ma\u00dfgeschneidertes Cloud-Sicherheitskonzept f\u00fcr Ihre IT-Infrastruktur kann Ihnen dabei helfen. Mit Kenthor gestalten Sie Ihre IT unabh\u00e4ngiger, flexibler und k\u00f6nnen schneller agieren. Gleichzeitig nutzen Sie die Leistungsf\u00e4higkeit und Skalierbarkeit der Cloud-Anbieter und genie\u00dfen maximale Sicherheit.<\/p>\n<h4>Warum Kenthor?<\/h4>\n<p>Wir sorgen f\u00fcr eine sichere Cloud-Nutzung. Gemeinsam definieren wir eine sichere Architektur, entwerfen ein ma\u00dfgeschneidertes Cloud-Betriebskonzept mit Organisation und Prozessen \u2013 und ber\u00fccksichtigen dabei die Vorgaben Ihrer bisherigen Systemlandschaft. Worauf wir besonderen Wert legen? Auf m\u00f6glichst anbieterunabh\u00e4ngige L\u00f6sungen, damit Ihre IT-Systemlandschaft maximal flexibel ist!<\/p>\n<p><strong>\u00dcbrigens:<\/strong> Auch Multi-Cloud-L\u00f6sungen und eine Integration mit kundeneigenen Rechenzentren sind m\u00f6glich. Bei s\u00e4mtlichen L\u00f6sungen steht Security-by-Design im Vordergrund.<\/p>\n<\/div>\n<p><img decoding=\"async\" src=\"\/wp-content\/uploads\/2025\/01\/kenthor-content-cloud-sicherheit.webp\" alt=\"\"><\/p>\n<h2>Unsere Leistungen auf einen Blick<\/h2>\n<div>\n<p>        <img decoding=\"async\" src=\"\/wp-content\/uploads\/support-support-01.svg\" alt=\"\"><\/p>\n<h2>Analyse von Cloud-Anforderungen, Architekturen und Prozesse<\/h2>\n<p><a href=\"\/kontakt\/\">Jetzt anfragen<\/a><\/p>\n<\/div>\n<div>\n<p>        <img decoding=\"async\" src=\"\/wp-content\/uploads\/support-support-02.svg\" alt=\"\"><\/p>\n<h2>Analyse von Firmenvorgaben und passenden Cloud-Architekturen<\/h2>\n<p><a href=\"\/kontakt\/\">Jetzt anfragen<\/a><\/p>\n<\/div>\n<div>\n<p>        <img decoding=\"async\" src=\"\/wp-content\/uploads\/support-support-03.svg\" alt=\"\"><\/p>\n<h2>Definition von sicheren IT-Architekturen in der Cloud<\/h2>\n<p><a href=\"\/kontakt\/\">Jetzt anfragen<\/a><\/p>\n<\/div>\n<div>\n<p>        <img decoding=\"async\" src=\"\/wp-content\/uploads\/support-support-04.svg\" alt=\"\"><\/p>\n<h2>Erstellen von Detailkonzepten f\u00fcr einen sicheren Cloud-Betrieb<\/h2>\n<p><a href=\"\/kontakt\/\">Jetzt anfragen<\/a><\/p>\n<\/div>\n<div>\n<p>        <img decoding=\"async\" src=\"\/wp-content\/uploads\/support-support-05.svg\" alt=\"\"><\/p>\n<h2>Hybride Ans\u00e4tze von Cloud-Diensten und dedizierten Kundenrechenzentren<\/h2>\n<p><a href=\"\/kontakt\/\">Jetzt anfragen<\/a><\/p>\n<\/div>\n<p><!--more--><br \/>\n<!-- {\"type\":\"layout\",\"children\":[{\"name\":\"Hero\",\"type\":\"section\",\"props\":{\"animation_delay\":false,\"header_transparent\":false,\"header_transparent_noplaceholder\":true,\"height_offset_top\":true,\"height_viewport\":80,\"image_position\":\"center-center\",\"overlap\":false,\"padding\":\"none\",\"preserve_color\":false,\"style\":\"default\",\"title_breakpoint\":\"xl\",\"title_position\":\"top-left\",\"title_rotation\":\"left\",\"vertical_align\":\"\",\"width\":\"\"},\"children\":[{\"type\":\"row\",\"children\":[{\"type\":\"column\",\"props\":{\"image_position\":\"center-center\",\"position_sticky_breakpoint\":\"m\",\"width_medium\":\"1-1\"},\"children\":[{\"type\":\"slideshow\",\"props\":{\"animation\":\"fade\",\"content_style\":\"text-lead\",\"image_loading\":true,\"image_width\":\"2560\",\"link_parallax_opacity\":\"0,1,1\",\"link_parallax_y\":\"50,0,0\",\"link_style\":\"primary\",\"link_text\":\"View House\",\"margin\":\"default\",\"meta_align\":\"above-title\",\"meta_element\":\"div\",\"meta_parallax_opacity\":\"0,1,1\",\"meta_parallax_y\":\"-50,0,0\",\"meta_style\":\"h6\",\"nav\":\"\",\"nav_align\":\"center\",\"nav_breakpoint\":\"\",\"nav_position\":\"bottom-center\",\"nav_position_margin\":\"medium\",\"overlay_animation\":\"parallax\",\"overlay_container\":\"default\",\"overlay_position\":\"center-left\",\"overlay_width\":\"2xlarge\",\"show_content\":true,\"show_link\":true,\"show_meta\":true,\"show_thumbnail\":true,\"show_title\":true,\"slidenav\":\"\",\"slidenav_breakpoint\":\"m\",\"slidenav_hover\":true,\"slidenav_margin\":\"medium\",\"slidenav_outside_breakpoint\":\"xl\",\"slideshow_autoplay\":false,\"slideshow_autoplay_pause\":true,\"slideshow_height\":\"viewport\",\"slideshow_height_offset_top\":true,\"slideshow_height_viewport\":80,\"slideshow_max_height\":\"840\",\"slideshow_min_height\":\"600\",\"slideshow_ratio\":\"16:7\",\"slideshow_velocity\":0.59999999999999997779553950749686919152736663818359375,\"text_align\":\"left\",\"text_align_fallback\":\"center\",\"text_color\":\"light\",\"thumbnav_height\":\"75\",\"thumbnav_svg_color\":\"emphasis\",\"thumbnav_width\":\"100\",\"title_element\":\"div\",\"title_hover_style\":\"reset\",\"title_parallax_opacity\":\"0,1,1\",\"title_parallax_x\":\"-200,0,200\",\"title_style\":\"heading-medium\"},\"children\":[{\"type\":\"slideshow_item\",\"props\":{\"content\":\"\n\n<p>Cloud-Dienste werden immer wichtiger. Der \\u00f6konomische und technologische Druck steigt, Teile oder gesamte IT-Systemlandschaften in die Cloud zu verschieben. Das bringt Unternehmen zahlreiche Vorteile, aber auch neue Risiken. Kenthor bietet Ihnen umfassende Cloud-Sicherheit und nimmt Ihnen s\\u00e4mtliche Arbeit ab. Damit Ihre Daten und Infrastruktur gesch\\u00fctzt sind und Sie Probleme vermeiden!<\\\/p>\",\"image\":\"wp-content\\\/uploads\\\/2025\\\/01\\\/kenthor-cloudsicherheit-hero.webp\",\"item_element\":\"article\",\"link_text\":\"Mehr erfahren\",\"media_overlay\":\"rgba(0, 0, 0, 0.72)\",\"meta\":\"Cloud-Sicherheit:\",\"title\":\"Maximale Sicherheit, zahlreiche Vorteile.\"}}]}]}]}]},{\"name\":\"Hero Leistungen\",\"type\":\"section\",\"props\":{\"image\":\"wp-content\\\/uploads\\\/blog-bg.svg\",\"image_effect\":\"parallax\",\"image_loading\":true,\"image_parallax_bgy\":\"80,290\",\"image_parallax_easing\":\"1\",\"image_position\":\"top-right\",\"padding_remove_bottom\":true,\"style\":\"default\",\"title_breakpoint\":\"xl\",\"title_position\":\"top-left\",\"title_rotation\":\"left\",\"vertical_align\":\"\",\"width\":\"xlarge\"},\"children\":[{\"type\":\"row\",\"props\":{\"column_gap\":\"large\",\"row_gap\":\"large\"},\"children\":[{\"type\":\"column\",\"props\":{\"image_position\":\"center-center\",\"position_sticky_breakpoint\":\"m\",\"width_medium\":\"1-1\"},\"children\":[{\"type\":\"headline\",\"props\":{\"content\":\"Cloud-Sicherheit als Wettbewerbsvorteil\",\"text_align\":\"left\",\"title_element\":\"h2\",\"title_style\":\"h2\"}}]}]},{\"type\":\"row\",\"props\":{\"layout\":\"1-2,1-2\"},\"children\":[{\"type\":\"column\",\"props\":{\"image_position\":\"center-center\",\"position_sticky_breakpoint\":\"m\",\"width_medium\":\"1-2\"},\"children\":[{\"type\":\"text\",\"props\":{\"column_breakpoint\":\"m\",\"content\":\"\n\n<p>Sie m\\u00f6chten auch in Zukunft wettbewerbsf\\u00e4hig bleiben? Ein ma\\u00dfgeschneidertes Cloud-Sicherheitskonzept f\\u00fcr Ihre IT-Infrastruktur kann Ihnen dabei helfen. Mit Kenthor gestalten Sie Ihre IT unabh\\u00e4ngiger, flexibler und k\\u00f6nnen schneller agieren. Gleichzeitig nutzen Sie die Leistungsf\\u00e4higkeit und Skalierbarkeit der Cloud-Anbieter und genie\\u00dfen maximale Sicherheit.<\\\/p>\\n\n\n<h4>Warum Kenthor?<\\\/h4>\\n\n\n<p>Wir sorgen f\\u00fcr eine sichere Cloud-Nutzung. Gemeinsam definieren wir eine sichere Architektur, entwerfen ein ma\\u00dfgeschneidertes Cloud-Betriebskonzept mit Organisation und Prozessen \\u2013 und ber\\u00fccksichtigen dabei die Vorgaben Ihrer bisherigen Systemlandschaft. Worauf wir besonderen Wert legen? Auf m\\u00f6glichst anbieterunabh\\u00e4ngige L\\u00f6sungen, damit Ihre IT-Systemlandschaft maximal flexibel ist!<\\\/p>\\n\n\n<p><strong>\\u00dcbrigens:<\\\/strong> Auch Multi-Cloud-L\\u00f6sungen und eine Integration mit kundeneigenen Rechenzentren sind m\\u00f6glich. Bei s\\u00e4mtlichen L\\u00f6sungen steht Security-by-Design im Vordergrund.<\\\/p>\",\"margin\":\"default\",\"maxwidth\":\"2xlarge\"}}]},{\"type\":\"column\",\"props\":{\"image_position\":\"center-center\",\"position_sticky_breakpoint\":\"m\",\"width_medium\":\"1-2\"},\"children\":[{\"type\":\"image\",\"props\":{\"image\":\"wp-content\\\/uploads\\\/2025\\\/01\\\/kenthor-content-cloud-sicherheit.webp\",\"image_svg_color\":\"emphasis\",\"margin\":\"default\"}}]}]}]},{\"name\":\"Support\",\"type\":\"section\",\"props\":{\"animation\":\"slide-bottom-medium\",\"animation_delay\":\"200\",\"image_effect\":\"parallax\",\"image_loading\":true,\"image_parallax_bgy\":\"0,500\",\"image_parallax_easing\":\"1\",\"image_position\":\"top-right\",\"image_width\":\"1100\",\"media_visibility\":\"xl\",\"padding\":\"xlarge\",\"padding_remove_bottom\":false,\"style\":\"default\",\"title_breakpoint\":\"xl\",\"title_position\":\"top-left\",\"title_rotation\":\"left\",\"vertical_align\":\"\",\"width\":\"xlarge\"},\"children\":[{\"type\":\"row\",\"children\":[{\"type\":\"column\",\"props\":{\"image_position\":\"center-center\",\"position_sticky_breakpoint\":\"m\"},\"children\":[{\"type\":\"headline\",\"props\":{\"content\":\"Unsere Leistungen auf einen Blick\",\"text_align\":\"left\",\"title_element\":\"h2\",\"title_style\":\"h2\"}}]}]},{\"type\":\"row\",\"props\":{\"id\":\"topics\",\"layout\":\"1-3,1-3,1-3\",\"margin\":\"xlarge\",\"margin_remove_bottom\":true,\"width\":\"xlarge\"},\"children\":[{\"type\":\"column\",\"props\":{\"image_position\":\"center-center\",\"position_sticky_breakpoint\":\"m\",\"width_medium\":\"1-3\"},\"children\":[{\"type\":\"panel\",\"props\":{\"animation\":\"fade\",\"content\":\"\",\"content_column_breakpoint\":\"m\",\"height_expand\":true,\"icon\":\"\",\"icon_color\":\"primary\",\"icon_width\":80,\"image\":\"wp-content\\\/uploads\\\/support-support-01.svg\",\"image_align\":\"top\",\"image_grid_breakpoint\":\"m\",\"image_grid_width\":\"1-2\",\"image_loading\":false,\"image_svg_animate\":true,\"image_svg_color\":\"primary\",\"image_svg_inline\":true,\"link\":\"kontakt\\\/\",\"link_style\":\"primary\",\"link_text\":\"Jetzt anfragen\",\"margin\":\"default\",\"meta\":\"\",\"meta_align\":\"below-title\",\"meta_element\":\"div\",\"meta_style\":\"text-meta\",\"panel_expand\":\"content\",\"panel_image_no_padding\":false,\"panel_padding\":\"large\",\"panel_style\":\"card-default\",\"text_align\":\"center\",\"title\":\"Analyse von Cloud-Anforderungen, Architekturen und Prozesse\",\"title_align\":\"top\",\"title_element\":\"h2\",\"title_grid_breakpoint\":\"m\",\"title_grid_width\":\"1-2\",\"title_hover_style\":\"reset\",\"title_style\":\"h3\"}}]},{\"type\":\"column\",\"props\":{\"image_position\":\"center-center\",\"position_sticky_breakpoint\":\"m\",\"width_medium\":\"1-3\"},\"children\":[{\"type\":\"panel\",\"props\":{\"content\":\"\",\"content_column_breakpoint\":\"m\",\"height_expand\":true,\"icon\":\"\",\"icon_color\":\"primary\",\"icon_width\":80,\"image\":\"wp-content\\\/uploads\\\/support-support-02.svg\",\"image_align\":\"top\",\"image_grid_breakpoint\":\"m\",\"image_grid_width\":\"1-2\",\"image_loading\":false,\"image_svg_animate\":true,\"image_svg_color\":\"primary\",\"image_svg_inline\":true,\"link\":\"kontakt\\\/\",\"link_style\":\"primary\",\"link_text\":\"Jetzt anfragen\",\"margin\":\"default\",\"meta\":\"\",\"meta_align\":\"below-title\",\"meta_element\":\"div\",\"meta_style\":\"text-meta\",\"panel_expand\":\"content\",\"panel_image_no_padding\":false,\"panel_padding\":\"large\",\"panel_style\":\"card-default\",\"text_align\":\"center\",\"title\":\"Analyse von Firmenvorgaben und passenden Cloud-Architekturen\",\"title_align\":\"top\",\"title_element\":\"h2\",\"title_grid_breakpoint\":\"m\",\"title_grid_width\":\"1-2\",\"title_hover_style\":\"reset\",\"title_style\":\"h3\"}}]},{\"type\":\"column\",\"props\":{\"image_position\":\"center-center\",\"position_sticky_breakpoint\":\"m\",\"width_medium\":\"1-3\"},\"children\":[{\"type\":\"panel\",\"props\":{\"content\":\"\",\"content_column_breakpoint\":\"m\",\"height_expand\":true,\"icon\":\"\",\"icon_color\":\"primary\",\"icon_width\":80,\"image\":\"wp-content\\\/uploads\\\/support-support-03.svg\",\"image_align\":\"top\",\"image_grid_breakpoint\":\"m\",\"image_grid_width\":\"1-2\",\"image_loading\":false,\"image_svg_animate\":true,\"image_svg_color\":\"primary\",\"image_svg_inline\":true,\"link\":\"kontakt\\\/\",\"link_style\":\"primary\",\"link_text\":\"Jetzt anfragen\",\"margin\":\"default\",\"meta\":\"\",\"meta_align\":\"below-title\",\"meta_element\":\"div\",\"meta_style\":\"text-meta\",\"panel_expand\":\"content\",\"panel_image_no_padding\":false,\"panel_padding\":\"large\",\"panel_style\":\"card-default\",\"text_align\":\"center\",\"title\":\"Definition von sicheren IT-Architekturen in der Cloud\",\"title_align\":\"top\",\"title_element\":\"h2\",\"title_grid_breakpoint\":\"m\",\"title_grid_width\":\"1-2\",\"title_hover_style\":\"reset\",\"title_style\":\"h3\"}}]}]},{\"type\":\"row\",\"props\":{\"layout\":\"1-3,1-3,1-3\",\"width\":\"xlarge\"},\"children\":[{\"type\":\"column\",\"props\":{\"image_position\":\"center-center\",\"position_sticky_breakpoint\":\"m\",\"width_medium\":\"1-3\"},\"children\":[{\"type\":\"panel\",\"props\":{\"content\":\"\",\"content_column_breakpoint\":\"m\",\"height_expand\":true,\"icon\":\"\",\"icon_color\":\"primary\",\"icon_width\":80,\"image\":\"wp-content\\\/uploads\\\/support-support-04.svg\",\"image_align\":\"top\",\"image_grid_breakpoint\":\"m\",\"image_grid_width\":\"1-2\",\"image_svg_animate\":true,\"image_svg_color\":\"primary\",\"image_svg_inline\":true,\"link\":\"kontakt\\\/\",\"link_style\":\"primary\",\"link_text\":\"Jetzt anfragen\",\"margin\":\"default\",\"meta\":\"\",\"meta_align\":\"below-title\",\"meta_element\":\"div\",\"meta_style\":\"text-meta\",\"panel_expand\":\"content\",\"panel_image_no_padding\":false,\"panel_padding\":\"large\",\"panel_style\":\"card-default\",\"text_align\":\"center\",\"title\":\"Erstellen von Detailkonzepten f\\u00fcr einen sicheren Cloud-Betrieb\",\"title_align\":\"top\",\"title_element\":\"h2\",\"title_grid_breakpoint\":\"m\",\"title_grid_width\":\"1-2\",\"title_hover_style\":\"reset\",\"title_style\":\"h3\"}}]},{\"type\":\"column\",\"props\":{\"image_position\":\"center-center\",\"position_sticky_breakpoint\":\"m\",\"width_medium\":\"1-3\"},\"children\":[{\"type\":\"panel\",\"props\":{\"content\":\"\",\"content_column_breakpoint\":\"m\",\"height_expand\":true,\"icon\":\"\",\"icon_color\":\"primary\",\"icon_width\":80,\"image\":\"wp-content\\\/uploads\\\/support-support-05.svg\",\"image_align\":\"top\",\"image_grid_breakpoint\":\"m\",\"image_grid_width\":\"1-2\",\"image_svg_animate\":true,\"image_svg_color\":\"primary\",\"image_svg_inline\":true,\"link\":\"kontakt\\\/\",\"link_style\":\"primary\",\"link_text\":\"Jetzt anfragen\",\"margin\":\"default\",\"meta\":\"\",\"meta_align\":\"below-title\",\"meta_element\":\"div\",\"meta_style\":\"text-meta\",\"panel_expand\":\"content\",\"panel_image_no_padding\":false,\"panel_padding\":\"large\",\"panel_style\":\"card-default\",\"text_align\":\"center\",\"title\":\"Hybride Ans\\u00e4tze von Cloud-Diensten und dedizierten Kundenrechenzentren\",\"title_align\":\"top\",\"title_element\":\"h2\",\"title_grid_breakpoint\":\"m\",\"title_grid_width\":\"1-2\",\"title_hover_style\":\"reset\",\"title_style\":\"h3\"}}]},{\"type\":\"column\",\"props\":{\"image_position\":\"center-center\",\"position_sticky_breakpoint\":\"m\",\"width_medium\":\"1-3\"}}]}]}],\"version\":\"4.5.28\",\"yooessentialsVersion\":\"2.4.12\"} --><\/p>\n","protected":false},"excerpt":{"rendered":"<p>Maximale Sicherheit, zahlreiche Vorteile. Cloud-Sicherheit: Cloud-Dienste werden immer wichtiger. Der \u00f6konomische und technologische Druck steigt, Teile oder gesamte IT-Systemlandschaften in die Cloud zu verschieben. Das bringt Unternehmen zahlreiche Vorteile, aber auch neue Risiken. Kenthor bietet Ihnen umfassende Cloud-Sicherheit und nimmt Ihnen s\u00e4mtliche Arbeit ab. Damit Ihre Daten und Infrastruktur gesch\u00fctzt sind und Sie Probleme vermeiden! [&hellip;]<\/p>\n","protected":false},"author":1,"featured_media":0,"parent":0,"menu_order":0,"comment_status":"closed","ping_status":"closed","template":"","meta":{"footnotes":""},"class_list":["post-251","page","type-page","status-publish","hentry"],"_links":{"self":[{"href":"https:\/\/www.kenthor.com\/en\/wp-json\/wp\/v2\/pages\/251","targetHints":{"allow":["GET"]}}],"collection":[{"href":"https:\/\/www.kenthor.com\/en\/wp-json\/wp\/v2\/pages"}],"about":[{"href":"https:\/\/www.kenthor.com\/en\/wp-json\/wp\/v2\/types\/page"}],"author":[{"embeddable":true,"href":"https:\/\/www.kenthor.com\/en\/wp-json\/wp\/v2\/users\/1"}],"replies":[{"embeddable":true,"href":"https:\/\/www.kenthor.com\/en\/wp-json\/wp\/v2\/comments?post=251"}],"version-history":[{"count":11,"href":"https:\/\/www.kenthor.com\/en\/wp-json\/wp\/v2\/pages\/251\/revisions"}],"predecessor-version":[{"id":704,"href":"https:\/\/www.kenthor.com\/en\/wp-json\/wp\/v2\/pages\/251\/revisions\/704"}],"wp:attachment":[{"href":"https:\/\/www.kenthor.com\/en\/wp-json\/wp\/v2\/media?parent=251"}],"curies":[{"name":"wp","href":"https:\/\/api.w.org\/{rel}","templated":true}]}}